{"id":367,"date":"2024-05-17T17:55:07","date_gmt":"2024-05-17T15:55:07","guid":{"rendered":"https:\/\/buni.onlinecreation.pro\/mentions-legales\/"},"modified":"2024-05-17T17:59:32","modified_gmt":"2024-05-17T15:59:32","slug":"mentions-legales","status":"publish","type":"page","link":"https:\/\/buni.onlinecreation.pro\/fr\/mentions-legales\/","title":{"rendered":"Mentions L\u00e9gales"},"content":{"rendered":"\n<h3 class=\"wp-block-heading\">\u00c9diteur du site<\/h3>\n\n<p>Le site Bordeaux Neurocampus est \u00e9dit\u00e9 par :<\/p>\n\n<ul class=\"wp-block-list\">\n<li><strong>D\u00e9nomination sociale :<\/strong> Universit\u00e9 de Bordeaux<\/li>\n\n\n\n<li><strong>Forme juridique :<\/strong> \u00c9tablissement public national \u00e0 caract\u00e8re scientifique culturel et professionnel<\/li>\n\n\n\n<li><strong>SIRET :<\/strong> 130 018 351 00010<\/li>\n\n\n\n<li><strong>Adresse :<\/strong> Centre Broca, 146 rue L\u00e9o-Saignat, 33076 Bordeaux Cedex, France<\/li>\n\n\n\n<li><strong>Num\u00e9ro de t\u00e9l\u00e9phone : <\/strong> +33 (0)5 57 57 10 10<\/li>\n\n\n\n<li><strong>Adresse e-mail : <\/strong> buni@bordeaux-neurocampus.fr<\/li>\n<\/ul>\n\n<h3 class=\"wp-block-heading\">Directeur de publication<\/h3>\n\n<ul class=\"wp-block-list\">\n<li><strong>Nom :<\/strong> Lorem Ipsum<\/li>\n<\/ul>\n\n<h3 class=\"wp-block-heading\">Directeur de r\u00e9daction<\/h3>\n\n<ul class=\"wp-block-list\">\n<li><strong>Nom :<\/strong> Dolor Sit<\/li>\n<\/ul>\n\n<h3 class=\"wp-block-heading\">Gestionnaire du site<\/h3>\n\n<ul class=\"wp-block-list\">\n<li><strong>Nom :<\/strong> Amet Consectetur<\/li>\n<\/ul>\n\n<h3 class=\"wp-block-heading\">D\u00e9veloppement du site web<\/h3>\n\n<ul class=\"wp-block-list\">\n<li><strong> Entreprise :<\/strong> OnlineCreation<\/li>\n\n\n\n<li><strong>Site web :<\/strong> <a href=\"https:\/\/onlinecreation.pro\" target=\"_blank\" rel=\"noreferrer noopener\">https:\/\/onlinecreation.pro<\/a><\/li>\n<\/ul>\n\n<h3 class=\"wp-block-heading\">H\u00e9bergement<\/h3>\n\n<p>Le site est h\u00e9berg\u00e9 par :<\/p>\n\n<ul class=\"wp-block-list\">\n<li><strong>H\u00e9bergeur :<\/strong> OVH<\/li>\n\n\n\n<li><strong>Adresse :<\/strong> 2 rue Kellermann, 59100 Roubaix, France<\/li>\n\n\n\n<li><strong>Site web :<\/strong> <a href=\"https:\/\/www.ovh.com\" target=\"_blank\" rel=\"noreferrer noopener\">https:\/\/www.ovh.com<\/a><\/li>\n<\/ul>\n\n<h3 class=\"wp-block-heading\">Propri\u00e9t\u00e9 intellectuelle<\/h3>\n\n<p>Le contenu pr\u00e9sent sur le site (textes, images, vid\u00e9os, etc.) est prot\u00e9g\u00e9 par les lois en vigueur en France concernant la propri\u00e9t\u00e9 intellectuelle et le droit d\u2019auteur. Toute reproduction, repr\u00e9sentation, modification, publication, adaptation de tout ou partie des \u00e9l\u00e9ments du site, quel que soit le moyen ou le proc\u00e9d\u00e9 utilis\u00e9, est interdite, sauf autorisation \u00e9crite pr\u00e9alable de l\u2019Universit\u00e9 de Bordeaux.<\/p>\n\n<h3 class=\"wp-block-heading\">Limitation de responsabilit\u00e9<\/h3>\n\n<p>L\u2019Universit\u00e9 de Bordeaux s\u2019efforce de fournir des informations aussi pr\u00e9cises que possible. Toutefois, elle ne pourra \u00eatre tenue responsable des omissions, des inexactitudes et des carences dans la mise \u00e0 jour, qu&rsquo;elles soient de son fait ou du fait des tiers partenaires qui lui fournissent ces informations. Le site peut contenir des liens hypertextes vers d\u2019autres sites. L\u2019Universit\u00e9 de Bordeaux n\u2019exerce aucun contr\u00f4le sur ces sites et d\u00e9cline toute responsabilit\u00e9 quant aux contenus accessibles par ces liens.<\/p>\n","protected":false},"excerpt":{"rendered":"<p>\u00c9diteur du site Le site Bordeaux Neurocampus est \u00e9dit\u00e9 par : Directeur de publication Directeur de r\u00e9daction Gestionnaire du site [&hellip;]<\/p>\n","protected":false},"author":1,"featured_media":0,"parent":0,"menu_order":0,"comment_status":"closed","ping_status":"closed","template":"","meta":{"footnotes":""},"class_list":["post-367","page","type-page","status-publish","hentry"],"_links":{"self":[{"href":"https:\/\/buni.onlinecreation.pro\/fr\/wp-json\/wp\/v2\/pages\/367","targetHints":{"allow":["GET"]}}],"collection":[{"href":"https:\/\/buni.onlinecreation.pro\/fr\/wp-json\/wp\/v2\/pages"}],"about":[{"href":"https:\/\/buni.onlinecreation.pro\/fr\/wp-json\/wp\/v2\/types\/page"}],"author":[{"embeddable":true,"href":"https:\/\/buni.onlinecreation.pro\/fr\/wp-json\/wp\/v2\/users\/1"}],"replies":[{"embeddable":true,"href":"https:\/\/buni.onlinecreation.pro\/fr\/wp-json\/wp\/v2\/comments?post=367"}],"version-history":[{"count":3,"href":"https:\/\/buni.onlinecreation.pro\/fr\/wp-json\/wp\/v2\/pages\/367\/revisions"}],"predecessor-version":[{"id":372,"href":"https:\/\/buni.onlinecreation.pro\/fr\/wp-json\/wp\/v2\/pages\/367\/revisions\/372"}],"wp:attachment":[{"href":"https:\/\/buni.onlinecreation.pro\/fr\/wp-json\/wp\/v2\/media?parent=367"}],"curies":[{"name":"wp","href":"https:\/\/api.w.org\/{rel}","templated":true}]}}