{"id":177,"date":"2024-01-21T14:32:12","date_gmt":"2024-01-21T13:32:12","guid":{"rendered":"https:\/\/buni.onlinecreation.pro\/home\/"},"modified":"2024-02-21T11:19:39","modified_gmt":"2024-02-21T10:19:39","slug":"home","status":"publish","type":"page","link":"https:\/\/buni.onlinecreation.pro\/en\/","title":{"rendered":"Home"},"content":{"rendered":"<div class=\"n2_clear\"><ss3-force-full-width data-overflow-x=\"body\" data-horizontal-selector=\"body\"><div class=\"n2-section-smartslider fitvidsignore  n2_clear\" data-ssid=\"2\"><div id=\"n2-ss-2-align\" class=\"n2-ss-align\"><div class=\"n2-padding\"><div id=\"n2-ss-2\" data-creator=\"Smart Slider 3\" data-responsive=\"fullwidth\" class=\"n2-ss-slider n2-ow n2-has-hover n2notransition  \">\n\n\n\n\n\n<div class=\"n2-ss-slider-wrapper-inside\">\n        <div class=\"n2-ss-slider-1 n2_ss__touch_element n2-ow\">\n            <div class=\"n2-ss-slider-2 n2-ow\">\n                                                <div class=\"n2-ss-slider-3 n2-ow\">\n\n                    <div class=\"n2-ss-slide-backgrounds n2-ow-all\"><div class=\"n2-ss-slide-background\" data-public-id=\"1\" data-mode=\"fill\"><div class=\"n2-ss-slide-background-image\" data-blur=\"0\" data-opacity=\"100\" data-x=\"50\" data-y=\"50\" data-alt=\"\" data-title=\"\"><picture class=\"skip-lazy\" data-skip-lazy=\"1\"><img decoding=\"async\" src=\"\/\/buni.onlinecreation.pro\/wp-content\/uploads\/2024\/01\/myfile2.jpg\" alt=\"\" title=\"\" loading=\"lazy\" class=\"skip-lazy\" data-skip-lazy=\"1\"><\/picture><\/div><div data-color=\"RGBA(255,255,255,0)\" style=\"background-color: RGBA(255,255,255,0);\" class=\"n2-ss-slide-background-color\"><\/div><\/div><div class=\"n2-ss-slide-background\" data-public-id=\"2\" data-mode=\"fill\"><div class=\"n2-ss-slide-background-image\" data-blur=\"0\" data-opacity=\"100\" data-x=\"50\" data-y=\"50\" data-alt=\"\" data-title=\"\"><picture class=\"skip-lazy\" data-skip-lazy=\"1\"><img decoding=\"async\" src=\"\/\/buni.onlinecreation.pro\/wp-content\/uploads\/2024\/01\/myfile1.jpg\" alt=\"\" title=\"\" loading=\"lazy\" class=\"skip-lazy\" data-skip-lazy=\"1\"><\/picture><\/div><div data-color=\"RGBA(255,255,255,0)\" style=\"background-color: RGBA(255,255,255,0);\" class=\"n2-ss-slide-background-color\"><\/div><\/div><\/div>                    <div class=\"n2-ss-slider-4 n2-ow\">\n                        <svg xmlns=\"http:\/\/www.w3.org\/2000\/svg\" viewBox=\"0 0 1920 480\" data-related-device=\"desktopPortrait\" class=\"n2-ow n2-ss-preserve-size n2-ss-preserve-size--slider n2-ss-slide-limiter\"><\/svg><div data-first=\"1\" data-slide-duration=\"0\" data-id=\"3\" data-slide-public-id=\"1\" data-title=\"Superposition statique\" class=\"n2-ss-slide n2-ow  n2-ss-slide-3\"><div role=\"note\" class=\"n2-ss-slide--focus\" tabindex=\"-1\">Superposition statique<\/div><div class=\"n2-ss-layers-container n2-ss-slide-limiter n2-ow\"><div class=\"n2-ss-layer n2-ow n-uc-KtOEBx28ZT8V\" data-sstype=\"slide\" data-pm=\"default\"><div class=\"n2-ss-layer n2-ow n-uc-qaH1zAVgDYyT\" data-pm=\"default\" data-sstype=\"content\" data-hasbackground=\"0\"><div class=\"n2-ss-section-main-content n2-ss-layer-with-background n2-ss-layer-content n2-ow n-uc-qaH1zAVgDYyT-inner\"><div class=\"n2-ss-layer n2-ow n-uc-11b8b5f4deb5f\" data-pm=\"absolute\" data-responsiveposition=\"1\" data-desktopportraitleft=\"0\" data-mobileportraitleft=\"0\" data-desktopportraittop=\"100\" data-mobileportraittop=\"0\" data-responsivesize=\"1\" data-desktopportraitwidth=\"1009\" data-mobileportraitwidth=\"300\" data-desktopportraitheight=\"auto\" data-desktopportraitalign=\"right\" data-mobileportraitalign=\"center\" data-desktopportraitvalign=\"middle\" data-parentid=\"\" data-desktopportraitparentalign=\"center\" data-desktopportraitparentvalign=\"middle\" data-hidemobileportrait=\"1\" data-sstype=\"layer\"><div id=\"n2-ss-2item1\" class=\"n2-font-c02ae4b031b2e3de5be1ac6d91038e5e-hover n2-style-a77e6b2541dbdacb765ab0701e886a70-heading   n2-ss-item-content n2-ss-text n2-ow\" style=\"display:block;\">Rencontre grand-public<br>\u00a0\u00a0\u00a0Bordeaux Base sous-marine<\/div><\/div><div class=\"n2-ss-layer n2-ow n-uc-1812cb5127500\" data-pm=\"absolute\" data-responsiveposition=\"1\" data-desktopportraitleft=\"40\" data-mobileportraitleft=\"0\" data-desktopportraittop=\"140\" data-mobileportraittop=\"1\" data-responsivesize=\"1\" data-desktopportraitwidth=\"1009\" data-mobileportraitwidth=\"1752\" data-desktopportraitheight=\"auto\" data-mobileportraitheight=\"auto\" data-desktopportraitalign=\"right\" data-mobileportraitalign=\"left\" data-desktopportraitvalign=\"middle\" data-mobileportraitvalign=\"middle\" data-parentid=\"\" data-desktopportraitparentalign=\"center\" data-desktopportraitparentvalign=\"middle\" data-hidedesktopportrait=\"1\" data-hidetabletportrait=\"1\" data-sstype=\"layer\"><div id=\"n2-ss-2item2\" class=\"n2-font-c02ae4b031b2e3de5be1ac6d91038e5e-hover n2-style-22dbd83d32b506160ca9140d769bbde3-heading   n2-ss-item-content n2-ss-text n2-ow\" style=\"display:block;\">Rencontre grand-public<br>\u00a0\u00a0\u00a0Bordeaux Base sous-marine<\/div><\/div><div class=\"n2-ss-layer n2-ow n-uc-127c8e8b4d8a9\" data-pm=\"absolute\" data-responsiveposition=\"1\" data-desktopportraitleft=\"0\" data-desktopportraittop=\"100\" data-responsivesize=\"1\" data-desktopportraitwidth=\"245\" data-desktopportraitheight=\"auto\" data-desktopportraitalign=\"right\" data-desktopportraitvalign=\"middle\" data-parentid=\"\" data-desktopportraitparentalign=\"center\" data-desktopportraitparentvalign=\"middle\" data-hidetabletportrait=\"1\" data-hidemobileportrait=\"1\" data-sstype=\"layer\"><div class=\" n2-ss-item-image-content n2-ss-item-content n2-ow-all\"><img loading=\"lazy\" decoding=\"async\" id=\"n2-ss-2item3\" alt=\"Gravure repr\u00e9sentant un cerveau humain (vue d'artiste)\" class=\"skip-lazy\" width=\"118\" height=\"115\" data-skip-lazy=\"1\" src=\"\/\/buni.onlinecreation.pro\/wp-content\/uploads\/2024\/01\/braiiiiin.png\" \/><\/div><\/div><div class=\"n2-ss-layer n2-ow n-uc-161f1b1202e80\" data-pm=\"absolute\" data-responsiveposition=\"1\" data-desktopportraitleft=\"0\" data-mobileportraitleft=\"0\" data-desktopportraittop=\"100\" data-mobileportraittop=\"0\" data-responsivesize=\"1\" data-desktopportraitwidth=\"990\" data-mobileportraitwidth=\"312\" data-desktopportraitheight=\"auto\" data-mobileportraitheight=\"auto\" data-desktopportraitalign=\"right\" data-mobileportraitalign=\"left\" data-desktopportraitvalign=\"middle\" data-mobileportraitvalign=\"middle\" data-parentid=\"\" data-desktopportraitparentalign=\"center\" data-desktopportraitparentvalign=\"middle\" data-sstype=\"layer\"><div class=\"n2-ss-item-content n2-ss-text n2-ow-all\"><div class=\"\"><p class=\"n2-font-e4dc33b0ac85a5606929c9e83c857069-paragraph  n2-style-f8293b450b12ef15d5c4ff97a617a3e3-heading  \"><span class=\"cal-sheet\"><span class=\"cal-sheet-month\">June\u00a02024<\/span><span class=\"cal-sheet-day\">25<\/span><span class=\"cal-sheet-dow\">Tuesday<\/span><\/span><\/p>\n<\/div><\/div><\/div><\/div><\/div><\/div><\/div><\/div><div data-slide-duration=\"0\" data-id=\"5\" data-slide-public-id=\"2\" data-title=\"Superposition statique\" class=\"n2-ss-slide n2-ow  n2-ss-slide-5\"><div role=\"note\" class=\"n2-ss-slide--focus\" tabindex=\"-1\">Superposition statique<\/div><div class=\"n2-ss-layers-container n2-ss-slide-limiter n2-ow\"><div class=\"n2-ss-layer n2-ow n-uc-d0Vng7sIxrBv\" data-sstype=\"slide\" data-pm=\"default\"><div class=\"n2-ss-layer n2-ow n-uc-QmZEOPFKiCvs\" data-pm=\"default\" data-sstype=\"content\" data-hasbackground=\"0\"><div class=\"n2-ss-section-main-content n2-ss-layer-with-background n2-ss-layer-content n2-ow n-uc-QmZEOPFKiCvs-inner\"><div class=\"n2-ss-layer n2-ow n-uc-1DFWSq6oFKI8\" data-pm=\"absolute\" data-responsiveposition=\"1\" data-desktopportraitleft=\"0\" data-mobileportraitleft=\"0\" data-desktopportraittop=\"100\" data-mobileportraittop=\"0\" data-responsivesize=\"1\" data-desktopportraitwidth=\"1009\" data-mobileportraitwidth=\"300\" data-desktopportraitheight=\"auto\" data-desktopportraitalign=\"right\" data-mobileportraitalign=\"center\" data-desktopportraitvalign=\"middle\" data-parentid=\"\" data-desktopportraitparentalign=\"center\" data-desktopportraitparentvalign=\"middle\" data-hidemobileportrait=\"1\" data-sstype=\"layer\"><div id=\"n2-ss-2item5\" class=\"n2-font-c02ae4b031b2e3de5be1ac6d91038e5e-hover n2-style-a77e6b2541dbdacb765ab0701e886a70-heading   n2-ss-item-content n2-ss-text n2-ow\" style=\"display:block;\">Conf\u00e9rence Panatier<br>\u00a0\u00a0\u00a0Bordeaux Place de la Bourse<\/div><\/div><div class=\"n2-ss-layer n2-ow n-uc-0Im0ADmTRlmM\" data-pm=\"absolute\" data-responsiveposition=\"1\" data-desktopportraitleft=\"40\" data-mobileportraitleft=\"0\" data-desktopportraittop=\"140\" data-mobileportraittop=\"1\" data-responsivesize=\"1\" data-desktopportraitwidth=\"1009\" data-mobileportraitwidth=\"1752\" data-desktopportraitheight=\"auto\" data-mobileportraitheight=\"auto\" data-desktopportraitalign=\"right\" data-mobileportraitalign=\"left\" data-desktopportraitvalign=\"middle\" data-mobileportraitvalign=\"middle\" data-parentid=\"\" data-desktopportraitparentalign=\"center\" data-desktopportraitparentvalign=\"middle\" data-hidedesktopportrait=\"1\" data-hidetabletportrait=\"1\" data-sstype=\"layer\"><div id=\"n2-ss-2item6\" class=\"n2-font-c02ae4b031b2e3de5be1ac6d91038e5e-hover n2-style-22dbd83d32b506160ca9140d769bbde3-heading   n2-ss-item-content n2-ss-text n2-ow\" style=\"display:block;\">Conf\u00e9rence Panatier<br>\u00a0\u00a0\u00a0Bordeaux Place de la Bourse<\/div><\/div><div class=\"n2-ss-layer n2-ow n-uc-3j94opH33hCq\" data-pm=\"absolute\" data-responsiveposition=\"1\" data-desktopportraitleft=\"0\" data-desktopportraittop=\"100\" data-responsivesize=\"1\" data-desktopportraitwidth=\"245\" data-desktopportraitheight=\"auto\" data-desktopportraitalign=\"right\" data-desktopportraitvalign=\"middle\" data-parentid=\"\" data-desktopportraitparentalign=\"center\" data-desktopportraitparentvalign=\"middle\" data-hidetabletportrait=\"1\" data-hidemobileportrait=\"1\" data-sstype=\"layer\"><div class=\" n2-ss-item-image-content n2-ss-item-content n2-ow-all\"><img decoding=\"async\" id=\"n2-ss-2item7\" alt=\"Gravure repr\u00e9sentant un cerveau humain (vue d'artiste)\" class=\"skip-lazy\" loading=\"lazy\" width=\"118\" height=\"115\" data-skip-lazy=\"1\" src=\"\/\/buni.onlinecreation.pro\/wp-content\/uploads\/2024\/01\/braiiiiin.png\" \/><\/div><\/div><div class=\"n2-ss-layer n2-ow n-uc-OM7esqNI9UMK\" data-pm=\"absolute\" data-responsiveposition=\"1\" data-desktopportraitleft=\"0\" data-mobileportraitleft=\"0\" data-desktopportraittop=\"100\" data-mobileportraittop=\"0\" data-responsivesize=\"1\" data-desktopportraitwidth=\"990\" data-mobileportraitwidth=\"312\" data-desktopportraitheight=\"auto\" data-mobileportraitheight=\"auto\" data-desktopportraitalign=\"right\" data-mobileportraitalign=\"left\" data-desktopportraitvalign=\"middle\" data-mobileportraitvalign=\"middle\" data-parentid=\"\" data-desktopportraitparentalign=\"center\" data-desktopportraitparentvalign=\"middle\" data-sstype=\"layer\"><div class=\"n2-ss-item-content n2-ss-text n2-ow-all\"><div class=\"\"><p class=\"n2-font-e4dc33b0ac85a5606929c9e83c857069-paragraph  n2-style-f8293b450b12ef15d5c4ff97a617a3e3-heading  \"><span class=\"cal-sheet\"><span class=\"cal-sheet-month\">June 2024<\/span><span class=\"cal-sheet-day\">25<\/span><span class=\"cal-sheet-dow\">Tuesday<\/span><\/span><\/p>\n<\/div><\/div><\/div><\/div><\/div><\/div><\/div><\/div>                    <\/div>\n\n                                    <\/div>\n            <\/div>\n        <\/div>\n        <div class=\"n2-ss-slider-controls n2-ss-slider-controls-absolute-center-bottom\"><div style=\"--widget-offset:10px;\" class=\"n2-ss-widget n2-ss-control-bullet n2-ow-all n2-ss-control-bullet-horizontal\"><div class=\"n2-style-89e6829493f6425211df0e3f6998e151-simple  nextend-bullet-bar n2-bar-justify-content-center\" role=\"group\" aria-label=\"Choose slide to display.\"><div class=\"n2-bullet n2-style-71848ba2a1c774947d9b7f463f726ed5-dot \" style=\"visibility:hidden;\"><\/div><\/div><\/div><\/div><\/div><\/div><ss3-loader><\/ss3-loader><\/div><\/div><div class=\"n2_clear\"><\/div><\/div><\/ss3-force-full-width><\/div>\n<div style=\"height:60px\" aria-hidden=\"true\" class=\"wp-block-spacer\"><\/div>\n\n<div class=\"wp-block-group soft-separator\"><div class=\"wp-block-group__inner-container is-layout-constrained wp-block-group-is-layout-constrained\">\n<div class=\"wp-block-group container-xl\"><div class=\"wp-block-group__inner-container is-layout-constrained wp-block-group-is-layout-constrained\">\n<div class=\"wp-block-columns is-layout-flex wp-container-core-columns-is-layout-1 wp-block-columns-is-layout-flex\">\n<div class=\"wp-block-column px-3 is-layout-flow wp-block-column-is-layout-flow\" style=\"flex-basis:100%\">\n<h3 class=\"wp-block-heading\">The BUni Network<\/h3>\n\n\n\n<p>BUni represents a significant step forward in the sharing of resources and synergy between the various Bordeaux Neurocampus research excellence entities. As a unified technical infrastructure, BUni enables the IINS, IMN, INCIA, Neurocentre Magendie, NutriNeuro and Sanpsy institutes to benefit from a common platform that optimizes their web presence. <\/p>\n\n\n\n<p>This digital cohesion not only ensures greater visibility for the research and discoveries carried out there, but also promotes fluid, seamless communication between the institutions. Pooling their digital tools under BUni reflects a desire for efficiency and savings, ensuring that resources are concentrated on their primary mission: research into the brain and its pathologies.<\/p>\n<\/div>\n\n\n\n<div class=\"wp-block-column px-3 is-layout-flow wp-block-column-is-layout-flow\" style=\"flex-basis:100%\">\n<h3 class=\"wp-block-heading\">News<\/h3>\n\n\n<div class=\"buni-news\"><div class=\"row mb-3\"><div class=\"col-12 pe-0\"><a href=\"https:\/\/buni.onlinecreation.pro\/en\/2024\/02\/16\/reproducibilitea-in-bordeaux-celebrating-three-years-of-success\/\"><div class=\"ratio ratio-3x2 news-img\"><img loading=\"lazy\" decoding=\"async\" width=\"180\" height=\"120\" src=\"https:\/\/buni.onlinecreation.pro\/wp-content\/uploads\/2024\/02\/reproducibilitea-DSC_4238-300x200.jpg\" class=\"img-fluid wp-post-image\" alt=\"\" srcset=\"https:\/\/buni.onlinecreation.pro\/wp-content\/uploads\/2024\/02\/reproducibilitea-DSC_4238-300x200.jpg 300w, https:\/\/buni.onlinecreation.pro\/wp-content\/uploads\/2024\/02\/reproducibilitea-DSC_4238.jpg 720w\" sizes=\"auto, (max-width: 180px) 100vw, 180px\" \/><\/div><a href=\"https:\/\/buni.onlinecreation.pro\/en\/category\/open-science-2\/\" class=\"text-primary\">Open science<\/a><br><a href=\"https:\/\/buni.onlinecreation.pro\/en\/2024\/02\/16\/reproducibilitea-in-bordeaux-celebrating-three-years-of-success\/\" class=\"text-body\"><strong>ReproducibiliTea in Bordeaux: celebrating three years of success<\/strong><br>\nReproducibiliTea in Bordeaux: celebrating three years of success, the first Open Science workshop in the Neurocampus, and coming back soon with new hosts!\n\n\n\nReproducibiliTea is a worldwide Open Science (OS) initiative spread to more than 100\u2026<\/a><\/div><\/div><div class=\"row mb-3\"><div class=\"col-12 pe-0\"><a href=\"https:\/\/buni.onlinecreation.pro\/en\/2024\/02\/16\/post-doc-position-molecular-and-cellular-mechanisms-involved-in-motor-neuron-diseases\/\"><div class=\"ratio ratio-3x2 news-img\"><img loading=\"lazy\" decoding=\"async\" width=\"180\" height=\"120\" src=\"https:\/\/buni.onlinecreation.pro\/wp-content\/uploads\/2024\/02\/post-doc-job-incia-300x200.jpg\" class=\"img-fluid wp-post-image\" alt=\"\" srcset=\"https:\/\/buni.onlinecreation.pro\/wp-content\/uploads\/2024\/02\/post-doc-job-incia-300x200.jpg 300w, https:\/\/buni.onlinecreation.pro\/wp-content\/uploads\/2024\/02\/post-doc-job-incia.jpg 720w\" sizes=\"auto, (max-width: 180px) 100vw, 180px\" \/><\/div><a href=\"https:\/\/buni.onlinecreation.pro\/en\/category\/emploi-2\/\" class=\"text-primary\">Emploi<\/a><br><a href=\"https:\/\/buni.onlinecreation.pro\/en\/2024\/02\/16\/post-doc-position-molecular-and-cellular-mechanisms-involved-in-motor-neuron-diseases\/\" class=\"text-body\"><strong>Post-doc position: Molecular and cellular mechanisms involved in motor neuron diseases<\/strong><br>\nThe team \u00ab&nbsp;Translational research in Neurogenetic diseases&nbsp;\u00bb, at the INCIA institute, is hiring a post-doctoral fellow.\n\n\n\nINCIA is an Institute of the Bordeaux Neurocampus, the research departement in neuroscience of the university of\u2026<\/a><\/div><\/div><\/div>\n\n\n<div class=\"wp-block-buttons is-content-justification-right is-layout-flex wp-container-core-buttons-is-layout-1 wp-block-buttons-is-layout-flex\">\n<div class=\"wp-block-button\"><a class=\"wp-block-button__link wp-element-button\" href=\"https:\/\/buni.onlinecreation.pro\/en\/news\/\">All the news<\/a><\/div>\n<\/div>\n<\/div>\n\n\n\n<div class=\"wp-block-column px-3 is-layout-flow wp-block-column-is-layout-flow\" style=\"flex-basis:100%\">\n<h3 class=\"wp-block-heading\">Events<\/h3>\n\n\n<div class=\"buni-news\"><div class=\"mb-3\"><p>More soon\u2026<\/p><\/div><\/div>\n\n\n<div class=\"wp-block-buttons is-content-justification-right is-layout-flex wp-container-core-buttons-is-layout-2 wp-block-buttons-is-layout-flex\">\n<div class=\"wp-block-button\"><a class=\"wp-block-button__link wp-element-button\" href=\"https:\/\/buni.onlinecreation.pro\/en\/events\/\">All events<\/a><\/div>\n<\/div>\n<\/div>\n<\/div>\n<\/div><\/div>\n\n\n\n<div style=\"height:60px\" aria-hidden=\"true\" class=\"wp-block-spacer\"><\/div>\n<\/div><\/div>\n\n<div class=\"wp-block-group container-xl\"><div class=\"wp-block-group__inner-container is-layout-constrained wp-block-group-is-layout-constrained\">\n<div style=\"height:60px\" aria-hidden=\"true\" class=\"wp-block-spacer\"><\/div>\n\n\n\n<div class=\"wp-block-columns is-layout-flex wp-container-core-columns-is-layout-4 wp-block-columns-is-layout-flex\">\n<div class=\"wp-block-column px-3 is-layout-flow wp-block-column-is-layout-flow\">\n<h3 class=\"wp-block-heading\">Latest scientific publications<\/h3>\n\n\n\n<p><a href=\"#\" class=\"text-body text-decoration-none\"><strong>Deep grading for MRI-based differential diagnosis of Alzheimer\u2019s disease and Frontotemporal dementia<\/strong><br\/>Huy-Dung Nguyen, Micha\u00ebl Cl\u00e9ment, Vincent Planche, Boris Mansencal, Pierrick Coup\u00e9. Artificial Intelligence in Medicine. 2023-10-01. 144: 102636.<br\/><em>10.1016\/j.artmed.2023.102636<\/em><\/a><\/p>\n\n\n\n<p><a href=\"#\" class=\"text-body text-decoration-none\"><strong>EXPRESS: Effect of egocentric and allocentric reference frames on spatial numerical associations<\/strong><br\/>Julie Lenoir, Arnaud Badets. Quarterly Journal of Experimental Psychology. 2023-11-12. .<br\/><em>10.1177\/17470218231216269<\/em><\/a><\/p>\n\n\n\n<p><a href=\"#\" class=\"text-body text-decoration-none\"><strong>Predictors of medication adherence in a large 1-year prospective cohort of individuals with schizophrenia: insights from the multicentric FACE-SZ dataset<\/strong><br\/>David Misdrahi, Maud Dupuy, Yecodji Dansou, Laurent Boyer, Fabrice Berna, Delphine Capdevielle, Isabelle Chereau, Nathalie Coulon, Thierry D\u2019Amato, Caroline Dubertret, Sylvain Leignier, Pierre Michel Llorca, Christophe Lan\u00e7on, Jasmina Mallet, Christine Passerieux, Baptiste Pignon, Romain Rey, Franck Sch\u00fcrhoff, Joel Swendsen, Mathieu Urbach, Andrei Sz\u00f6ke, Oph\u00e9lia Godin, Guillaume Fond, M. Andre, C. Andrieu-Haller, B. Aouizerate, F. Berna, O. Blanc, E. Bourguignon, D. Capdevielle, I. Chereau-Boudet, J. Clauss-Kobayashi, N. Coulon, R. Dassing, J. M. Dorey, C. Dubertret, A. Esselin, G. Fond, F. Gabayet, M. Jarroir, D. Lacelle, M. Leboyer, S. Leignier, P. M. Llorca, J. Mallet, E. Metairie, T. Michel, D. Misdrahi, C. Passerieux, J. Petrucci, B. Pignon, P. Peri, C. Portalier, R. Rey, C. Roman, B. Schorr, F. Sch\u00fcrhoff, A. Sz\u00f6ke, A. Tessier, M. Urbach, G. Wachiche, A. Zinetti-Bertschy,. Transl Psychiatry. 2023-11-07. 13(1).<br\/><em>10.1038\/s41398-023-02640-x<\/em><\/a><\/p>\n\n\n\n<div class=\"wp-block-buttons is-content-justification-right is-layout-flex wp-container-core-buttons-is-layout-3 wp-block-buttons-is-layout-flex\">\n<div class=\"wp-block-button\"><a class=\"wp-block-button__link wp-element-button\">All publications<\/a><\/div>\n<\/div>\n<\/div>\n\n\n\n<div class=\"wp-block-column px-3 is-layout-flow wp-block-column-is-layout-flow\">\n<h3 class=\"wp-block-heading\">Going further<\/h3>\n\n\n\n<div class=\"wp-block-columns row-tablet is-layout-flex wp-container-core-columns-is-layout-2 wp-block-columns-is-layout-flex\">\n<div class=\"wp-block-column is-layout-flow wp-block-column-is-layout-flow\">\n<p class=\"has-text-align-center go-further-button\"><i class=\"fat fa-brain fa-3x py-3\"><\/i><br\/>BUni<br\/>Presentation<br\/><\/p>\n<\/div>\n\n\n\n<div class=\"wp-block-column is-layout-flow wp-block-column-is-layout-flow\">\n<p class=\"has-text-align-center go-further-button\"><i class=\"fat fa-server fa-3x py-3\"><\/i><br\/>Technical infrastructure<\/p>\n<\/div>\n\n\n\n<div class=\"wp-block-column is-layout-flow wp-block-column-is-layout-flow\">\n<p class=\"has-text-align-center go-further-button\"><i class=\"fat fa-bug fa-3x py-3\"><\/i><br\/>Report an anomaly<\/p>\n<\/div>\n<\/div>\n\n\n\n<div class=\"wp-block-columns row-tablet is-layout-flex wp-container-core-columns-is-layout-3 wp-block-columns-is-layout-flex\">\n<div class=\"wp-block-column is-layout-flow wp-block-column-is-layout-flow\">\n<p class=\"has-text-align-center go-further-button\"><i class=\"fat fa-newspaper fa-3x py-3\"><\/i><br\/>Neuroscience in Bordeaux<br\/><\/p>\n<\/div>\n\n\n\n<div class=\"wp-block-column is-layout-flow wp-block-column-is-layout-flow\">\n<p class=\"has-text-align-center go-further-button\"><i class=\"fat fa-mailbox-flag-up fa-3x py-3\"><\/i><br\/>Contact and <br\/>access map<br\/><\/p>\n<\/div>\n\n\n\n<div class=\"wp-block-column is-layout-flow wp-block-column-is-layout-flow\">\n<p class=\"has-text-align-center go-further-button\"><i class=\"fat fa-cloud fa-3x py-3\"><\/i><br\/>ENT<br\/>UBCloud<\/p>\n<\/div>\n<\/div>\n<\/div>\n<\/div>\n<\/div><\/div>\n\n<div style=\"height:60px\" aria-hidden=\"true\" class=\"wp-block-spacer\"><\/div>\n","protected":false},"excerpt":{"rendered":"<p>The BUni Network BUni represents a significant step forward in the sharing of resources and synergy between the various Bordeaux [&hellip;]<\/p>\n","protected":false},"author":1,"featured_media":0,"parent":0,"menu_order":0,"comment_status":"closed","ping_status":"closed","template":"template-fullwidth.php","meta":{"footnotes":""},"class_list":["post-177","page","type-page","status-publish","hentry"],"_links":{"self":[{"href":"https:\/\/buni.onlinecreation.pro\/en\/wp-json\/wp\/v2\/pages\/177","targetHints":{"allow":["GET"]}}],"collection":[{"href":"https:\/\/buni.onlinecreation.pro\/en\/wp-json\/wp\/v2\/pages"}],"about":[{"href":"https:\/\/buni.onlinecreation.pro\/en\/wp-json\/wp\/v2\/types\/page"}],"author":[{"embeddable":true,"href":"https:\/\/buni.onlinecreation.pro\/en\/wp-json\/wp\/v2\/users\/1"}],"replies":[{"embeddable":true,"href":"https:\/\/buni.onlinecreation.pro\/en\/wp-json\/wp\/v2\/comments?post=177"}],"version-history":[{"count":15,"href":"https:\/\/buni.onlinecreation.pro\/en\/wp-json\/wp\/v2\/pages\/177\/revisions"}],"predecessor-version":[{"id":232,"href":"https:\/\/buni.onlinecreation.pro\/en\/wp-json\/wp\/v2\/pages\/177\/revisions\/232"}],"wp:attachment":[{"href":"https:\/\/buni.onlinecreation.pro\/en\/wp-json\/wp\/v2\/media?parent=177"}],"curies":[{"name":"wp","href":"https:\/\/api.w.org\/{rel}","templated":true}]}}